{"id":958,"date":"2024-02-26T18:03:00","date_gmt":"2024-02-26T17:03:00","guid":{"rendered":"https:\/\/hcs-energy.com\/blog\/"},"modified":"2024-03-03T14:29:40","modified_gmt":"2024-03-03T13:29:40","slug":"blog","status":"publish","type":"page","link":"https:\/\/hcs-energy.com\/de\/blog\/","title":{"rendered":"Blog"},"content":{"rendered":"\t\t<div data-elementor-type=\"wp-page\" data-elementor-id=\"958\" class=\"elementor elementor-958 elementor-932\">\n\t\t\t\t\t\t<section class=\"elementor-section elementor-top-section elementor-element elementor-element-5a931377 elementor-section-full_width elementor-section-height-min-height elementor-section-height-default elementor-section-items-middle\" data-id=\"5a931377\" data-element_type=\"section\" data-settings=\"{&quot;background_background&quot;:&quot;classic&quot;}\">\n\t\t\t\t\t\t\t<div class=\"elementor-background-overlay\"><\/div>\n\t\t\t\t\t\t\t<div class=\"elementor-container elementor-column-gap-default\">\n\t\t\t\t\t<div class=\"elementor-column elementor-col-100 elementor-top-column elementor-element elementor-element-368519fa\" data-id=\"368519fa\" data-element_type=\"column\">\n\t\t\t<div class=\"elementor-widget-wrap elementor-element-populated\">\n\t\t\t\t\t\t<section class=\"elementor-section elementor-inner-section elementor-element elementor-element-6894bd0e elementor-section-boxed elementor-section-height-default elementor-section-height-default\" data-id=\"6894bd0e\" data-element_type=\"section\">\n\t\t\t\t\t\t<div class=\"elementor-container elementor-column-gap-default\">\n\t\t\t\t\t<div class=\"elementor-column elementor-col-100 elementor-inner-column elementor-element elementor-element-15b0df8a\" data-id=\"15b0df8a\" data-element_type=\"column\">\n\t\t\t<div class=\"elementor-widget-wrap elementor-element-populated\">\n\t\t\t\t\t\t<div class=\"elementor-element elementor-element-13112e9e elementor-widget elementor-widget-heading\" data-id=\"13112e9e\" data-element_type=\"widget\" data-widget_type=\"heading.default\">\n\t\t\t\t<div class=\"elementor-widget-container\">\n\t\t\t<h2 class=\"elementor-heading-title elementor-size-default\">Willkommen beim HCS-Energy Blog.<\/h2>\t\t<\/div>\n\t\t\t\t<\/div>\n\t\t\t\t<div class=\"elementor-element elementor-element-423882e9 elementor-widget elementor-widget-heading\" data-id=\"423882e9\" data-element_type=\"widget\" data-widget_type=\"heading.default\">\n\t\t\t\t<div class=\"elementor-widget-container\">\n\t\t\t<h2 class=\"elementor-heading-title elementor-size-default\">Artikel und Nachrichten \u00fcber fortschrittliche Energiesysteme wie Aerothermie, Klimatisierung, Solarmodule und andere.<\/h2>\t\t<\/div>\n\t\t\t\t<\/div>\n\t\t\t\t\t<\/div>\n\t\t<\/div>\n\t\t\t\t\t<\/div>\n\t\t<\/section>\n\t\t\t\t\t<\/div>\n\t\t<\/div>\n\t\t\t\t\t<\/div>\n\t\t<\/section>\n\t\t\t\t<section class=\"elementor-section elementor-top-section elementor-element elementor-element-eae7c6a elementor-section-boxed elementor-section-height-default elementor-section-height-default\" data-id=\"eae7c6a\" data-element_type=\"section\">\n\t\t\t\t\t\t<div class=\"elementor-container elementor-column-gap-default\">\n\t\t\t\t\t<div class=\"elementor-column elementor-col-100 elementor-top-column elementor-element elementor-element-eaae07a\" data-id=\"eaae07a\" data-element_type=\"column\">\n\t\t\t<div class=\"elementor-widget-wrap elementor-element-populated\">\n\t\t\t\t\t\t<div class=\"elementor-element elementor-element-11b5fca elementor-grid-eael-col-3 elementor-grid-tablet-eael-col-2 elementor-grid-mobile-eael-col-1 elementor-widget elementor-widget-eael-post-grid\" data-id=\"11b5fca\" data-element_type=\"widget\" data-settings=\"{&quot;eael_post_grid_columns&quot;:&quot;eael-col-3&quot;,&quot;eael_post_grid_columns_tablet&quot;:&quot;eael-col-2&quot;,&quot;eael_post_grid_columns_mobile&quot;:&quot;eael-col-1&quot;}\" data-widget_type=\"eael-post-grid.default\">\n\t\t\t\t<div class=\"elementor-widget-container\">\n\t\t\t<div id=\"eael-post-grid-11b5fca\" class=\"eael-post-grid-container\">\n            <div class=\"eael-post-grid eael-post-appender eael-post-appender-11b5fca eael-post-grid-style-two\" data-layout-mode=\"masonry\"><article class=\"eael-grid-post eael-post-grid-column\" data-id=\"1080\">\n        <div class=\"eael-grid-post-holder\">\n            <div class=\"eael-grid-post-holder-inner\"><div class=\"eael-entry-media\"><div class=\"eael-entry-overlay fade-in\"><i class=\"fas fa-long-arrow-alt-right\" aria-hidden=\"true\"><\/i><a href=\"https:\/\/hcs-energy.com\/de\/klimatisierung\/klimatisierungssysteme-fur-wohnhauser-torrevieja\/\"><\/a><\/div><div class=\"eael-entry-thumbnail \">\n                                <img fetchpriority=\"high\" decoding=\"async\" width=\"300\" height=\"300\" src=\"https:\/\/hcs-energy.com\/wp-content\/uploads\/2024\/03\/Multisplit-Vaillant-para-equipo-de-climatizador-300x300.webp\" class=\"attachment-medium size-medium wp-image-1056\" alt=\"Klimatisierungseinheiten f\u00fcr Wohnh\u00e4user mit Multi-Split-System.\" srcset=\"https:\/\/hcs-energy.com\/wp-content\/uploads\/2024\/03\/Multisplit-Vaillant-para-equipo-de-climatizador-300x300.webp 300w, https:\/\/hcs-energy.com\/wp-content\/uploads\/2024\/03\/Multisplit-Vaillant-para-equipo-de-climatizador-150x150.webp 150w, https:\/\/hcs-energy.com\/wp-content\/uploads\/2024\/03\/Multisplit-Vaillant-para-equipo-de-climatizador.webp 480w\" sizes=\"(max-width: 300px) 100vw, 300px\" \/>\n                              <\/div>\n                      <\/div><div class=\"eael-entry-wrapper\"><header class=\"eael-entry-header\"><h2 class=\"eael-entry-title\"><a class=\"eael-grid-post-link\" href=\"https:\/\/hcs-energy.com\/de\/klimatisierung\/klimatisierungssysteme-fur-wohnhauser-torrevieja\/\" title=\"Klimatisierungssysteme f\u00fcr Wohnh\u00e4user in Torrevieja und K\u00fcstengebieten: Genie\u00dfen Sie das ganze Jahr \u00fcber Komfort.\">Klimatisierungssysteme f\u00fcr Wohnh\u00e4user in Torrevieja und K\u00fcstengebieten: Genie\u00dfen Sie das ganze Jahr \u00fcber Komfort.<\/a><\/h2><\/header><div class=\"eael-entry-content\">\n                                    <div class=\"eael-grid-post-excerpt\"><p>Einf\u00fchrung: In der charmanten K\u00fcstenstadt Torrevieja oder in jeder anderen K\u00fcstenregion, wo...<\/p><a href=\"https:\/\/hcs-energy.com\/de\/klimatisierung\/klimatisierungssysteme-fur-wohnhauser-torrevieja\/\" class=\"eael-post-elements-readmore-btn\">Weiterlesen<\/a><\/div>\n                                <\/div><div class=\"eael-entry-header-after style-two\"><div class=\"eael-entry-meta\"><\/div><\/div><\/div><\/div>\n        <\/div>\n    <\/article><article class=\"eael-grid-post eael-post-grid-column\" data-id=\"997\">\n        <div class=\"eael-grid-post-holder\">\n            <div class=\"eael-grid-post-holder-inner\"><div class=\"eael-entry-media\"><div class=\"eael-entry-overlay fade-in\"><i class=\"fas fa-long-arrow-alt-right\" aria-hidden=\"true\"><\/i><a href=\"https:\/\/hcs-energy.com\/de\/aerotermie\/was-ist-aerothermie-und-vorteile-fur-wohnhauser-in-torrevieja\/\"><\/a><\/div><div class=\"eael-entry-thumbnail \">\n                                <img decoding=\"async\" width=\"300\" height=\"206\" src=\"https:\/\/hcs-energy.com\/wp-content\/uploads\/2024\/03\/aerotermia-vaillant-en-Torrevieja-300x206.webp\" class=\"attachment-medium size-medium wp-image-985\" alt=\"Installation and technical service for Vaillant aerothermal systems in Torrevieja.\" srcset=\"https:\/\/hcs-energy.com\/wp-content\/uploads\/2024\/03\/aerotermia-vaillant-en-Torrevieja-300x206.webp 300w, https:\/\/hcs-energy.com\/wp-content\/uploads\/2024\/03\/aerotermia-vaillant-en-Torrevieja.webp 696w\" sizes=\"(max-width: 300px) 100vw, 300px\" \/>\n                              <\/div>\n                      <\/div><div class=\"eael-entry-wrapper\"><header class=\"eael-entry-header\"><h2 class=\"eael-entry-title\"><a class=\"eael-grid-post-link\" href=\"https:\/\/hcs-energy.com\/de\/aerotermie\/was-ist-aerothermie-und-vorteile-fur-wohnhauser-in-torrevieja\/\" title=\"Was ist Aerothermie und die Vorteile f\u00fcr Bungalows und Chalets in Torrevieja\">Was ist Aerothermie und die Vorteile f\u00fcr Bungalows und Chalets in Torrevieja<\/a><\/h2><\/header><div class=\"eael-entry-content\">\n                                    <div class=\"eael-grid-post-excerpt\"><p>Einf\u00fchrung: Im Folgenden beschreiben wir, was Aerothermie ist und die Vorteile ihrer...<\/p><a href=\"https:\/\/hcs-energy.com\/de\/aerotermie\/was-ist-aerothermie-und-vorteile-fur-wohnhauser-in-torrevieja\/\" class=\"eael-post-elements-readmore-btn\">Weiterlesen<\/a><\/div>\n                                <\/div><div class=\"eael-entry-header-after style-two\"><div class=\"eael-entry-meta\"><\/div><\/div><\/div><\/div>\n        <\/div>\n    <\/article><article class=\"eael-grid-post eael-post-grid-column\" data-id=\"1214\">\n        <div class=\"eael-grid-post-holder\">\n            <div class=\"eael-grid-post-holder-inner\"><div class=\"eael-entry-media\"><div class=\"eael-entry-overlay fade-in\"><i class=\"fas fa-long-arrow-alt-right\" aria-hidden=\"true\"><\/i><a href=\"https:\/\/hcs-energy.com\/de\/klimatisierung\/umweltfreundliche-klimaanlagensysteme\/\"><\/a><\/div><div class=\"eael-entry-thumbnail \">\n                                <img decoding=\"async\" width=\"300\" height=\"200\" src=\"https:\/\/hcs-energy.com\/wp-content\/uploads\/2024\/05\/Sistemas-de-aire-acondicionado-para-empresas-300x200.webp\" class=\"attachment-medium size-medium wp-image-1202\" alt=\"Klimaanlagensysteme. F\u00fcr Unternehmen gibt es verschiedene Klimatisierungssysteme zur Auswahl.\" srcset=\"https:\/\/hcs-energy.com\/wp-content\/uploads\/2024\/05\/Sistemas-de-aire-acondicionado-para-empresas-300x200.webp 300w, https:\/\/hcs-energy.com\/wp-content\/uploads\/2024\/05\/Sistemas-de-aire-acondicionado-para-empresas.webp 640w\" sizes=\"(max-width: 300px) 100vw, 300px\" \/>\n                              <\/div>\n                      <\/div><div class=\"eael-entry-wrapper\"><header class=\"eael-entry-header\"><h2 class=\"eael-entry-title\"><a class=\"eael-grid-post-link\" href=\"https:\/\/hcs-energy.com\/de\/klimatisierung\/umweltfreundliche-klimaanlagensysteme\/\" title=\"4 umweltfreundliche Klimaanlagensysteme: Nachhaltige Alternativen f\u00fcr Zuhause und Unternehmen.\">4 umweltfreundliche Klimaanlagensysteme: Nachhaltige Alternativen f\u00fcr Zuhause und Unternehmen.<\/a><\/h2><\/header><div class=\"eael-entry-content\">\n                                    <div class=\"eael-grid-post-excerpt\"><p>In einer Welt, die zunehmend umweltbewusst wird, sind Energieeffizienz und Nachhaltigkeit zu...<\/p><a href=\"https:\/\/hcs-energy.com\/de\/klimatisierung\/umweltfreundliche-klimaanlagensysteme\/\" class=\"eael-post-elements-readmore-btn\">Weiterlesen<\/a><\/div>\n                                <\/div><div class=\"eael-entry-header-after style-two\"><div class=\"eael-entry-meta\"><\/div><\/div><\/div><\/div>\n        <\/div>\n    <\/article><\/div>\n            <div class=\"clearfix\"><\/div>\n        <\/div>            <div class=\"eael-load-more-button-wrap\">\n                <button class=\"eael-load-more-button\" id=\"eael-load-more-btn-11b5fca\" data-widget-id=\"11b5fca\" data-widget=\"11b5fca\" data-page-id=\"958\" data-template=\"{&quot;dir&quot;:&quot;lite&quot;,&quot;file_name&quot;:&quot;default.php&quot;,&quot;name&quot;:&quot;Post-Grid&quot;}\" data-class=\"Essential_Addons_Elementor\\Elements\\Post_Grid\" data-layout=\"masonry\" data-page=\"1\" data-args=\"orderby=rand&amp;order=desc&amp;ignore_sticky_posts=1&amp;post_status=publish&amp;posts_per_page=3&amp;offset=0&amp;post_type=post&amp;author__in%5B0%5D=1\" data-max-page=\"2\">\n                    <span class=\"eael-btn-loader button__loader\"><\/span>\n                    <span class=\"eael_load_more_text\">Mehr laden<\/span>\n                <\/button>\n            <\/div>\n            \t\t<\/div>\n\t\t\t\t<\/div>\n\t\t\t\t\t<\/div>\n\t\t<\/div>\n\t\t\t\t\t<\/div>\n\t\t<\/section>\n\t\t\t\t<section class=\"elementor-section elementor-top-section elementor-element elementor-element-369e6ff1 elementor-section-boxed elementor-section-height-default elementor-section-height-default\" data-id=\"369e6ff1\" data-element_type=\"section\" data-settings=\"{&quot;background_background&quot;:&quot;classic&quot;}\">\n\t\t\t\t\t\t<div class=\"elementor-container elementor-column-gap-default\">\n\t\t\t\t\t<div class=\"elementor-column elementor-col-100 elementor-top-column elementor-element elementor-element-3698e746\" data-id=\"3698e746\" data-element_type=\"column\">\n\t\t\t<div class=\"elementor-widget-wrap elementor-element-populated\">\n\t\t\t\t\t\t<div class=\"elementor-element elementor-element-4f911d46 elementor-widget elementor-widget-text-editor\" data-id=\"4f911d46\" data-element_type=\"widget\" data-widget_type=\"text-editor.default\">\n\t\t\t\t<div class=\"elementor-widget-container\">\n\t\t\t\t\t\t\t<p>Rufen sie uns an.: <a href=\"tel:+34647446005\">647 446 005<\/a><\/p>\n<p>Unsere E-Mail-Adresse: <a href=\"mailto:info@hcs-energy.com\">info@hcs-energy.com<\/a><\/p>\n\t\t\t\t\t\t<\/div>\n\t\t\t\t<\/div>\n\t\t\t\t\t<\/div>\n\t\t<\/div>\n\t\t\t\t\t<\/div>\n\t\t<\/section>\n\t\t\t\t<\/div>\n\t\t","protected":false},"excerpt":{"rendered":"<p>Willkommen beim HCS-Energy Blog. Artikel und Nachrichten \u00fcber fortschrittliche Energiesysteme wie Aerothermie, Klimatisierung, Solarmodule und andere. What is Aerothermal Energy and its Advantages for Bungalows and Chalets in Torrevieja. Introduction: Below, we describe what aerothermal energy is and the advantages of&#8230; Weiterlesen Rufen sie uns an.: 647 446 005 Unsere E-Mail-Adresse: info@hcs-energy.com<\/p>\n","protected":false},"author":1,"featured_media":0,"parent":0,"menu_order":0,"comment_status":"closed","ping_status":"closed","template":"","meta":{"_joinchat":[],"footnotes":""},"class_list":["post-958","page","type-page","status-publish","hentry"],"_links":{"self":[{"href":"https:\/\/hcs-energy.com\/de\/wp-json\/wp\/v2\/pages\/958","targetHints":{"allow":["GET"]}}],"collection":[{"href":"https:\/\/hcs-energy.com\/de\/wp-json\/wp\/v2\/pages"}],"about":[{"href":"https:\/\/hcs-energy.com\/de\/wp-json\/wp\/v2\/types\/page"}],"author":[{"embeddable":true,"href":"https:\/\/hcs-energy.com\/de\/wp-json\/wp\/v2\/users\/1"}],"replies":[{"embeddable":true,"href":"https:\/\/hcs-energy.com\/de\/wp-json\/wp\/v2\/comments?post=958"}],"version-history":[{"count":5,"href":"https:\/\/hcs-energy.com\/de\/wp-json\/wp\/v2\/pages\/958\/revisions"}],"predecessor-version":[{"id":1031,"href":"https:\/\/hcs-energy.com\/de\/wp-json\/wp\/v2\/pages\/958\/revisions\/1031"}],"wp:attachment":[{"href":"https:\/\/hcs-energy.com\/de\/wp-json\/wp\/v2\/media?parent=958"}],"curies":[{"name":"wp","href":"https:\/\/api.w.org\/{rel}","templated":true}]}}