{"id":959,"date":"2024-02-26T18:03:00","date_gmt":"2024-02-26T17:03:00","guid":{"rendered":"https:\/\/hcs-energy.com\/blog\/"},"modified":"2024-03-03T14:28:08","modified_gmt":"2024-03-03T13:28:08","slug":"blog","status":"publish","type":"page","link":"https:\/\/hcs-energy.com\/es\/blog\/","title":{"rendered":"Blog"},"content":{"rendered":"\t\t<div data-elementor-type=\"wp-page\" data-elementor-id=\"959\" class=\"elementor elementor-959 elementor-932\">\n\t\t\t\t\t\t<section class=\"elementor-section elementor-top-section elementor-element elementor-element-5a931377 elementor-section-full_width elementor-section-height-min-height elementor-section-height-default elementor-section-items-middle\" data-id=\"5a931377\" data-element_type=\"section\" data-settings=\"{&quot;background_background&quot;:&quot;classic&quot;}\">\n\t\t\t\t\t\t\t<div class=\"elementor-background-overlay\"><\/div>\n\t\t\t\t\t\t\t<div class=\"elementor-container elementor-column-gap-default\">\n\t\t\t\t\t<div class=\"elementor-column elementor-col-100 elementor-top-column elementor-element elementor-element-368519fa\" data-id=\"368519fa\" data-element_type=\"column\">\n\t\t\t<div class=\"elementor-widget-wrap elementor-element-populated\">\n\t\t\t\t\t\t<section class=\"elementor-section elementor-inner-section elementor-element elementor-element-6894bd0e elementor-section-boxed elementor-section-height-default elementor-section-height-default\" data-id=\"6894bd0e\" data-element_type=\"section\">\n\t\t\t\t\t\t<div class=\"elementor-container elementor-column-gap-default\">\n\t\t\t\t\t<div class=\"elementor-column elementor-col-100 elementor-inner-column elementor-element elementor-element-15b0df8a\" data-id=\"15b0df8a\" data-element_type=\"column\">\n\t\t\t<div class=\"elementor-widget-wrap elementor-element-populated\">\n\t\t\t\t\t\t<div class=\"elementor-element elementor-element-13112e9e elementor-widget elementor-widget-heading\" data-id=\"13112e9e\" data-element_type=\"widget\" data-widget_type=\"heading.default\">\n\t\t\t\t<div class=\"elementor-widget-container\">\n\t\t\t<h2 class=\"elementor-heading-title elementor-size-default\">Bienvenidos al blog de HCS-Energy.<\/h2>\t\t<\/div>\n\t\t\t\t<\/div>\n\t\t\t\t<div class=\"elementor-element elementor-element-423882e9 elementor-widget elementor-widget-heading\" data-id=\"423882e9\" data-element_type=\"widget\" data-widget_type=\"heading.default\">\n\t\t\t\t<div class=\"elementor-widget-container\">\n\t\t\t<h2 class=\"elementor-heading-title elementor-size-default\">Art\u00edculos y novedades sobre sistemas de energia avanzados como aerotermia, climatizaci\u00f3n, paneles solares y otros.<\/h2>\t\t<\/div>\n\t\t\t\t<\/div>\n\t\t\t\t\t<\/div>\n\t\t<\/div>\n\t\t\t\t\t<\/div>\n\t\t<\/section>\n\t\t\t\t\t<\/div>\n\t\t<\/div>\n\t\t\t\t\t<\/div>\n\t\t<\/section>\n\t\t\t\t<section class=\"elementor-section elementor-top-section elementor-element elementor-element-eae7c6a elementor-section-boxed elementor-section-height-default elementor-section-height-default\" data-id=\"eae7c6a\" data-element_type=\"section\">\n\t\t\t\t\t\t<div class=\"elementor-container elementor-column-gap-default\">\n\t\t\t\t\t<div class=\"elementor-column elementor-col-100 elementor-top-column elementor-element elementor-element-eaae07a\" data-id=\"eaae07a\" data-element_type=\"column\">\n\t\t\t<div class=\"elementor-widget-wrap elementor-element-populated\">\n\t\t\t\t\t\t<div class=\"elementor-element elementor-element-11b5fca elementor-grid-eael-col-3 elementor-grid-tablet-eael-col-2 elementor-grid-mobile-eael-col-1 elementor-widget elementor-widget-eael-post-grid\" data-id=\"11b5fca\" data-element_type=\"widget\" data-settings=\"{&quot;eael_post_grid_columns&quot;:&quot;eael-col-3&quot;,&quot;eael_post_grid_columns_tablet&quot;:&quot;eael-col-2&quot;,&quot;eael_post_grid_columns_mobile&quot;:&quot;eael-col-1&quot;}\" data-widget_type=\"eael-post-grid.default\">\n\t\t\t\t<div class=\"elementor-widget-container\">\n\t\t\t<div id=\"eael-post-grid-11b5fca\" class=\"eael-post-grid-container\">\n            <div class=\"eael-post-grid eael-post-appender eael-post-appender-11b5fca eael-post-grid-style-two\" data-layout-mode=\"masonry\"><article class=\"eael-grid-post eael-post-grid-column\" data-id=\"1109\">\n        <div class=\"eael-grid-post-holder\">\n            <div class=\"eael-grid-post-holder-inner\"><div class=\"eael-entry-media\"><div class=\"eael-entry-overlay fade-in\"><i class=\"fas fa-long-arrow-alt-right\" aria-hidden=\"true\"><\/i><a href=\"https:\/\/hcs-energy.com\/es\/aerotermia\/instalacion-aerotermia-y-paneles-solares-fotovoltaicos-orihuela-costa-torrevieja\/\"><\/a><\/div><div class=\"eael-entry-thumbnail \">\n                                <img fetchpriority=\"high\" decoding=\"async\" width=\"300\" height=\"194\" src=\"https:\/\/hcs-energy.com\/wp-content\/uploads\/2024\/04\/Televisor-y-climatizador-alimentados-por-sistema-de-Aerotermia-300x194.webp\" class=\"attachment-medium size-medium wp-image-1134\" alt=\"Electrodom\u00e9sticos alimentados por aerotermia y placas solares fotovoltaicas\" srcset=\"https:\/\/hcs-energy.com\/wp-content\/uploads\/2024\/04\/Televisor-y-climatizador-alimentados-por-sistema-de-Aerotermia-300x194.webp 300w, https:\/\/hcs-energy.com\/wp-content\/uploads\/2024\/04\/Televisor-y-climatizador-alimentados-por-sistema-de-Aerotermia.webp 595w\" sizes=\"(max-width: 300px) 100vw, 300px\" \/>\n                              <\/div>\n                      <\/div><div class=\"eael-entry-wrapper\"><header class=\"eael-entry-header\"><h2 class=\"eael-entry-title\"><a class=\"eael-grid-post-link\" href=\"https:\/\/hcs-energy.com\/es\/aerotermia\/instalacion-aerotermia-y-paneles-solares-fotovoltaicos-orihuela-costa-torrevieja\/\" title=\"Caso real de Instalaci\u00f3n de Aerotermia y Paneles Solares Fotovoltaicos en un Chalet entre Orihuela Costa y Torrevieja. Lista de 6 ventajas obtenidas.\">Caso real de Instalaci\u00f3n de Aerotermia y Paneles Solares Fotovoltaicos en un Chalet entre Orihuela Costa y Torrevieja. Lista de 6 ventajas obtenidas.<\/a><\/h2><\/header><div class=\"eael-entry-content\">\n                                    <div class=\"eael-grid-post-excerpt\"><p>Introducci\u00f3n: En la b\u00fasqueda continua de soluciones sostenibles y eficientes en el...<\/p><a href=\"https:\/\/hcs-energy.com\/es\/aerotermia\/instalacion-aerotermia-y-paneles-solares-fotovoltaicos-orihuela-costa-torrevieja\/\" class=\"eael-post-elements-readmore-btn\">Leer m\u00e1s<\/a><\/div>\n                                <\/div><div class=\"eael-entry-header-after style-two\"><div class=\"eael-entry-meta\"><\/div><\/div><\/div><\/div>\n        <\/div>\n    <\/article><article class=\"eael-grid-post eael-post-grid-column\" data-id=\"1171\">\n        <div class=\"eael-grid-post-holder\">\n            <div class=\"eael-grid-post-holder-inner\"><div class=\"eael-entry-media\"><div class=\"eael-entry-overlay fade-in\"><i class=\"fas fa-long-arrow-alt-right\" aria-hidden=\"true\"><\/i><a href=\"https:\/\/hcs-energy.com\/es\/aire-acondicionado\/sistemas-de-aire-acondicionado-eco-friendly\/\"><\/a><\/div><div class=\"eael-entry-thumbnail \">\n                                <img decoding=\"async\" width=\"300\" height=\"200\" src=\"https:\/\/hcs-energy.com\/wp-content\/uploads\/2024\/05\/Sistemas-de-aire-acondicionado-para-empresas-300x200.webp\" class=\"attachment-medium size-medium wp-image-1199\" alt=\"Para negocios existen diferentes Sistemas de Aire Acondicionado entre los que elegir.\" srcset=\"https:\/\/hcs-energy.com\/wp-content\/uploads\/2024\/05\/Sistemas-de-aire-acondicionado-para-empresas-300x200.webp 300w, https:\/\/hcs-energy.com\/wp-content\/uploads\/2024\/05\/Sistemas-de-aire-acondicionado-para-empresas.webp 640w\" sizes=\"(max-width: 300px) 100vw, 300px\" \/>\n                              <\/div>\n                      <\/div><div class=\"eael-entry-wrapper\"><header class=\"eael-entry-header\"><h2 class=\"eael-entry-title\"><a class=\"eael-grid-post-link\" href=\"https:\/\/hcs-energy.com\/es\/aire-acondicionado\/sistemas-de-aire-acondicionado-eco-friendly\/\" title=\"4 Sistemas de Aire Acondicionado Eco-Amigables \/ Eco-Friendly: Alternativas Sostenibles para el Hogar y la Empresa.\">4 Sistemas de Aire Acondicionado Eco-Amigables \/ Eco-Friendly: Alternativas Sostenibles para el Hogar y la Empresa.<\/a><\/h2><\/header><div class=\"eael-entry-content\">\n                                    <div class=\"eael-grid-post-excerpt\"><p>En un mundo cada vez m\u00e1s consciente del medio ambiente, la eficiencia...<\/p><a href=\"https:\/\/hcs-energy.com\/es\/aire-acondicionado\/sistemas-de-aire-acondicionado-eco-friendly\/\" class=\"eael-post-elements-readmore-btn\">Leer m\u00e1s<\/a><\/div>\n                                <\/div><div class=\"eael-entry-header-after style-two\"><div class=\"eael-entry-meta\"><\/div><\/div><\/div><\/div>\n        <\/div>\n    <\/article><article class=\"eael-grid-post eael-post-grid-column\" data-id=\"1266\">\n        <div class=\"eael-grid-post-holder\">\n            <div class=\"eael-grid-post-holder-inner\"><div class=\"eael-entry-media\"><div class=\"eael-entry-overlay fade-in\"><i class=\"fas fa-long-arrow-alt-right\" aria-hidden=\"true\"><\/i><a href=\"https:\/\/hcs-energy.com\/es\/aire-acondicionado\/instalacion-de-aire-acondicionado-en-orihuela-costa\/\"><\/a><\/div><div class=\"eael-entry-thumbnail \">\n                                <img decoding=\"async\" width=\"300\" height=\"200\" src=\"https:\/\/hcs-energy.com\/wp-content\/uploads\/2024\/06\/Instaladores-de-aire-acondicionado-en-Orihuela-Costa-300x200.webp\" class=\"attachment-medium size-medium wp-image-1300\" alt=\"Instalaci\u00f3n de aire acondicionado en Orihuela Costa.\" srcset=\"https:\/\/hcs-energy.com\/wp-content\/uploads\/2024\/06\/Instaladores-de-aire-acondicionado-en-Orihuela-Costa-300x200.webp 300w, https:\/\/hcs-energy.com\/wp-content\/uploads\/2024\/06\/Instaladores-de-aire-acondicionado-en-Orihuela-Costa.webp 640w\" sizes=\"(max-width: 300px) 100vw, 300px\" \/>\n                              <\/div>\n                      <\/div><div class=\"eael-entry-wrapper\"><header class=\"eael-entry-header\"><h2 class=\"eael-entry-title\"><a class=\"eael-grid-post-link\" href=\"https:\/\/hcs-energy.com\/es\/aire-acondicionado\/instalacion-de-aire-acondicionado-en-orihuela-costa\/\" title=\"2 Casos Reales de Instalaci\u00f3n de Aire Acondicionado en Negocios de Orihuela Costa\">2 Casos Reales de Instalaci\u00f3n de Aire Acondicionado en Negocios de Orihuela Costa<\/a><\/h2><\/header><div class=\"eael-entry-content\">\n                                    <div class=\"eael-grid-post-excerpt\"><p>Hoy compartimos dos casos reales de instalaci\u00f3n de aire acondicionado en Orihuela...<\/p><a href=\"https:\/\/hcs-energy.com\/es\/aire-acondicionado\/instalacion-de-aire-acondicionado-en-orihuela-costa\/\" class=\"eael-post-elements-readmore-btn\">Leer m\u00e1s<\/a><\/div>\n                                <\/div><div class=\"eael-entry-header-after style-two\"><div class=\"eael-entry-meta\"><\/div><\/div><\/div><\/div>\n        <\/div>\n    <\/article><\/div>\n            <div class=\"clearfix\"><\/div>\n        <\/div>            <div class=\"eael-load-more-button-wrap\">\n                <button class=\"eael-load-more-button\" id=\"eael-load-more-btn-11b5fca\" data-widget-id=\"11b5fca\" data-widget=\"11b5fca\" data-page-id=\"959\" data-template=\"{&quot;dir&quot;:&quot;lite&quot;,&quot;file_name&quot;:&quot;default.php&quot;,&quot;name&quot;:&quot;Post-Grid&quot;}\" data-class=\"Essential_Addons_Elementor\\Elements\\Post_Grid\" data-layout=\"masonry\" data-page=\"1\" data-args=\"orderby=rand&amp;order=desc&amp;ignore_sticky_posts=1&amp;post_status=publish&amp;posts_per_page=3&amp;offset=0&amp;post_type=post&amp;author__in%5B0%5D=1\" data-max-page=\"2\">\n                    <span class=\"eael-btn-loader button__loader\"><\/span>\n                    <span class=\"eael_load_more_text\">Cargar m\u00e1s<\/span>\n                <\/button>\n            <\/div>\n            \t\t<\/div>\n\t\t\t\t<\/div>\n\t\t\t\t\t<\/div>\n\t\t<\/div>\n\t\t\t\t\t<\/div>\n\t\t<\/section>\n\t\t\t\t<section class=\"elementor-section elementor-top-section elementor-element elementor-element-369e6ff1 elementor-section-boxed elementor-section-height-default elementor-section-height-default\" data-id=\"369e6ff1\" data-element_type=\"section\" data-settings=\"{&quot;background_background&quot;:&quot;classic&quot;}\">\n\t\t\t\t\t\t<div class=\"elementor-container elementor-column-gap-default\">\n\t\t\t\t\t<div class=\"elementor-column elementor-col-100 elementor-top-column elementor-element elementor-element-3698e746\" data-id=\"3698e746\" data-element_type=\"column\">\n\t\t\t<div class=\"elementor-widget-wrap elementor-element-populated\">\n\t\t\t\t\t\t<div class=\"elementor-element elementor-element-4f911d46 elementor-widget elementor-widget-text-editor\" data-id=\"4f911d46\" data-element_type=\"widget\" data-widget_type=\"text-editor.default\">\n\t\t\t\t<div class=\"elementor-widget-container\">\n\t\t\t\t\t\t\t<p>Ll\u00e1menos: <a href=\"tel:+34647446005\">647 446 005<\/a><\/p>\n<p>Nuestro correo: <a href=\"mailto:info@hcs-energy.com\">info@hcs-energy.com<\/a><\/p>\n\t\t\t\t\t\t<\/div>\n\t\t\t\t<\/div>\n\t\t\t\t\t<\/div>\n\t\t<\/div>\n\t\t\t\t\t<\/div>\n\t\t<\/section>\n\t\t\t\t<\/div>\n\t\t","protected":false},"excerpt":{"rendered":"<p>Bienvenidos al blog de HCS-Energy. Art\u00edculos y novedades sobre sistemas de energia avanzados como aerotermia, climatizaci\u00f3n, paneles solares y otros. Qu\u00e9 es la Aerotermia y Ventajas para Bungalows y Chalets en Torrevieja Introducci\u00f3n: Describimos a continuaci\u00f3n qu\u00e9 es la aerotermia y ventajas de su&#8230; Leer m\u00e1s Ll\u00e1menos: 647 446 005 Nuestro correo: info@hcs-energy.com<\/p>\n","protected":false},"author":1,"featured_media":0,"parent":0,"menu_order":0,"comment_status":"closed","ping_status":"closed","template":"","meta":{"_joinchat":[],"footnotes":""},"class_list":["post-959","page","type-page","status-publish","hentry"],"_links":{"self":[{"href":"https:\/\/hcs-energy.com\/es\/wp-json\/wp\/v2\/pages\/959","targetHints":{"allow":["GET"]}}],"collection":[{"href":"https:\/\/hcs-energy.com\/es\/wp-json\/wp\/v2\/pages"}],"about":[{"href":"https:\/\/hcs-energy.com\/es\/wp-json\/wp\/v2\/types\/page"}],"author":[{"embeddable":true,"href":"https:\/\/hcs-energy.com\/es\/wp-json\/wp\/v2\/users\/1"}],"replies":[{"embeddable":true,"href":"https:\/\/hcs-energy.com\/es\/wp-json\/wp\/v2\/comments?post=959"}],"version-history":[{"count":7,"href":"https:\/\/hcs-energy.com\/es\/wp-json\/wp\/v2\/pages\/959\/revisions"}],"predecessor-version":[{"id":1027,"href":"https:\/\/hcs-energy.com\/es\/wp-json\/wp\/v2\/pages\/959\/revisions\/1027"}],"wp:attachment":[{"href":"https:\/\/hcs-energy.com\/es\/wp-json\/wp\/v2\/media?parent=959"}],"curies":[{"name":"wp","href":"https:\/\/api.w.org\/{rel}","templated":true}]}}